{"id":3,"date":"2021-03-30T14:52:36","date_gmt":"2021-03-30T14:52:36","guid":{"rendered":"https:\/\/carricos.com.pt\/pt\/?page_id=3"},"modified":"2021-05-12T11:17:01","modified_gmt":"2021-05-12T11:17:01","slug":"politica-privacidade","status":"publish","type":"page","link":"https:\/\/carricos.com.pt\/pt\/politica-privacidade\/","title":{"rendered":"Pol\u00edtica de Privacidade"},"content":{"rendered":"<div class=\"wpb-content-wrapper\"><p>[vc_row][vc_column][vc_column_text css=&#8221;.vc_custom_1620818211682{padding-bottom: 150px !important;}&#8221;]As suas informa\u00e7\u00f5es pessoais n\u00e3o est\u00e3o dispon\u00edveis para terceiros. Agradecemos a confian\u00e7a que deposita em n\u00f3s e faremos todo o poss\u00edvel para proteger as suas informa\u00e7\u00f5es pessoais. A seu pedido, enviaremos todos os seus registos.<\/p>\n<p>O tratamento dos dados do Cliente \u00e9 feito no cumprimento da legisla\u00e7\u00e3o sobre a prote\u00e7\u00e3o de dados pessoais. Os dados ficam sujeitos a tratamento inform\u00e1tico, constar\u00e3o nas bases de dados dos carricos.com.pt e destinam-se ao registo, opera\u00e7\u00f5es estat\u00edsticas e apresenta\u00e7\u00e3o de outros produtos e servi\u00e7os, bem como informa\u00e7\u00e3o institucional. Apesar dos carricos.com.pt ter \u00e1reas seguras, em que a informa\u00e7\u00e3o circula encriptada, existem outros dados pessoais que circulam em rede aberta, n\u00e3o estando protegidos contra desvios eventuais.<\/p>\n<p>Deste modo, os carricos.com.pt n\u00e3o se poder\u00e1 responsabilizar pela comunica\u00e7\u00e3o de senhas de acesso, passwords, c\u00f3digos confidenciais e de qualquer informa\u00e7\u00e3o sens\u00edvel que possa, eventualmente, ser desviada, exterior a n\u00f3s.[\/vc_column_text][\/vc_column][\/vc_row]<\/p>\n<\/div>","protected":false},"excerpt":{"rendered":"<p>[vc_row][vc_column][vc_column_text css=&#8221;.vc_custom_1620818211682{padding-bottom: 150px !important;}&#8221;]As suas informa\u00e7\u00f5es pessoais n\u00e3o est\u00e3o dispon\u00edveis para terceiros. Agradecemos a confian\u00e7a que deposita em n\u00f3s e faremos todo o poss\u00edvel para proteger as suas informa\u00e7\u00f5es pessoais. A seu pedido, enviaremos todos os seus registos. O tratamento [&hellip;]<\/p>\n","protected":false},"author":1,"featured_media":0,"parent":0,"menu_order":0,"comment_status":"closed","ping_status":"open","template":"","meta":{"footnotes":""},"class_list":["post-3","page","type-page","status-publish","hentry"],"jetpack_sharing_enabled":true,"_links":{"self":[{"href":"https:\/\/carricos.com.pt\/pt\/wp-json\/wp\/v2\/pages\/3","targetHints":{"allow":["GET"]}}],"collection":[{"href":"https:\/\/carricos.com.pt\/pt\/wp-json\/wp\/v2\/pages"}],"about":[{"href":"https:\/\/carricos.com.pt\/pt\/wp-json\/wp\/v2\/types\/page"}],"author":[{"embeddable":true,"href":"https:\/\/carricos.com.pt\/pt\/wp-json\/wp\/v2\/users\/1"}],"replies":[{"embeddable":true,"href":"https:\/\/carricos.com.pt\/pt\/wp-json\/wp\/v2\/comments?post=3"}],"version-history":[{"count":15,"href":"https:\/\/carricos.com.pt\/pt\/wp-json\/wp\/v2\/pages\/3\/revisions"}],"predecessor-version":[{"id":4548,"href":"https:\/\/carricos.com.pt\/pt\/wp-json\/wp\/v2\/pages\/3\/revisions\/4548"}],"wp:attachment":[{"href":"https:\/\/carricos.com.pt\/pt\/wp-json\/wp\/v2\/media?parent=3"}],"curies":[{"name":"wp","href":"https:\/\/api.w.org\/{rel}","templated":true}]}}