{"id":4543,"date":"2021-05-12T11:01:45","date_gmt":"2021-05-12T11:01:45","guid":{"rendered":"https:\/\/carricos.com.pt\/pt\/?page_id=4543"},"modified":"2021-05-12T11:17:44","modified_gmt":"2021-05-12T11:17:44","slug":"termos-e-condicoes","status":"publish","type":"page","link":"https:\/\/carricos.com.pt\/pt\/termos-e-condicoes\/","title":{"rendered":"Termos e Condi\u00e7\u00f5es"},"content":{"rendered":"<div class=\"wpb-content-wrapper\"><p>[vc_row css=&#8221;.vc_custom_1620724241535{padding-bottom: 150px !important;}&#8221;][vc_column]<div class=\"qodef-accordion-holder qodef-ac-default  qodef-accordion qodef-ac-boxed qodef-white-skin clearfix\">\n\t<h5 class=\"qodef-accordion-title\">\n    <span class=\"qodef-accordion-mark\">\n\t\t<span class=\"qodef_icon_plus icon_plus\"><\/span>\n\t\t<span class=\"qodef_icon_minus icon_minus-06\"><\/span>\n\t<\/span>\n\t<span class=\"qodef-tab-title\">Termos e Condi\u00e7\u00f5es de Privacidade<\/span>\n<\/h5>\n<div class=\"qodef-accordion-content\">\n\t<div class=\"qodef-accordion-content-inner\">\n\t\t[vc_column_text]<\/p>\n<p>As suas informa\u00e7\u00f5es pessoais n\u00e3o est\u00e3o dispon\u00edveis para terceiros. Agradecemos a confian\u00e7a que deposita em n\u00f3s e faremos todo o poss\u00edvel para proteger as suas informa\u00e7\u00f5es pessoais. A seu pedido, enviaremos todos os seus registos.<\/p>\n<p>O tratamento dos dados do Cliente \u00e9 feito no cumprimento da legisla\u00e7\u00e3o sobre a prote\u00e7\u00e3o de dados pessoais. Os dados ficam sujeitos a tratamento inform\u00e1tico, constar\u00e3o nas bases de dados dos carricos.com.pt\u00a0e destinam-se ao registo, opera\u00e7\u00f5es estat\u00edsticas e apresenta\u00e7\u00e3o de outros produtos e servi\u00e7os, bem como informa\u00e7\u00e3o institucional. Apesar dos carricos.com.pt ter \u00e1reas seguras, em que a informa\u00e7\u00e3o circula encriptada, existem outros dados pessoais que circulam em rede aberta, n\u00e3o estando protegidos contra desvios eventuais.<\/p>\n<p>Deste modo, os carricos.com.pt n\u00e3o se poder\u00e1 responsabilizar pela comunica\u00e7\u00e3o de senhas de acesso, passwords, c\u00f3digos confidenciais e de qualquer informa\u00e7\u00e3o sens\u00edvel que possa, eventualmente, ser desviada, exterior a n\u00f3s.<\/p>\n<p>As presentes Condi\u00e7\u00f5es Gerais de Venda detalhadas abaixo (aqui designadas \u201ccondi\u00e7\u00f5es de uso\u201d) determinam exclusivamente as rela\u00e7\u00f5es contratuais entre todo cliente utilizador do site www.carricos.com.pt (aqui designado de \u201cutilizador\u201d) e o comerciante www.carricos.com.pt ou Armaz\u00e9ns de Tecidos Carri\u00e7o, Lda., com capital social \u20ac\u00a0400.000,00, cuja sede est\u00e1 situada na Rua Ant\u00f3nio S\u00e9rgio, 351 Valdeirigo 4785-370 Trofa Portugal. As condi\u00e7\u00f5es gerais de uso s\u00e3o as \u00fanicas a serem aplic\u00e1veis e substituem todas as outras condi\u00e7\u00f5es, exceto pr\u00e9vio acordo, expresso e por escrito. Os Armaz\u00e9ns de Tecidos Carri\u00e7o, pode pontualmente modificar certas disposi\u00e7\u00f5es das suas condi\u00e7\u00f5es gerais, e tamb\u00e9m \u00e9 preciso que esta seja relida a cada visita no site www.carricos.com.pt\u00a0(aqui designado \u201cSite\u201d). Consideramos que quando a ordem de encomenda for validada, o cliente est\u00e1 automaticamente aceitando nossas condi\u00e7\u00f5es gerais de venda.\u00a0 Conectando-se ao site, o cliente compromete-se a respeitar as Condi\u00e7\u00f5es Gerais assim como as Condi\u00e7\u00f5es de Utiliza\u00e7\u00e3o.<\/p>\n<p>[\/vc_column_text]\t<\/div>\n<\/div><h5 class=\"qodef-accordion-title\">\n    <span class=\"qodef-accordion-mark\">\n\t\t<span class=\"qodef_icon_plus icon_plus\"><\/span>\n\t\t<span class=\"qodef_icon_minus icon_minus-06\"><\/span>\n\t<\/span>\n\t<span class=\"qodef-tab-title\">Contrato de Compra<\/span>\n<\/h5>\n<div class=\"qodef-accordion-content\">\n\t<div class=\"qodef-accordion-content-inner\">\n\t\t[vc_column_text]<\/p>\n<p>A compra \u00e9 estabelecida no momento em que o cliente aceita os termos e condi\u00e7\u00f5es de uso antes de colocar um fim da encomenda na nossa loja para confirmar eletronicamente. O cliente recebe uma confirma\u00e7\u00e3o por e-mail de retorno.<\/p>\n<p>[\/vc_column_text]\t<\/div>\n<\/div><h5 class=\"qodef-accordion-title\">\n    <span class=\"qodef-accordion-mark\">\n\t\t<span class=\"qodef_icon_plus icon_plus\"><\/span>\n\t\t<span class=\"qodef_icon_minus icon_minus-06\"><\/span>\n\t<\/span>\n\t<span class=\"qodef-tab-title\">Pre\u00e7os<\/span>\n<\/h5>\n<div class=\"qodef-accordion-content\">\n\t<div class=\"qodef-accordion-content-inner\">\n\t\t[vc_column_text]<\/p>\n<p>Os nossos pre\u00e7os s\u00e3o em euros, incluindo IVA, mas excluindo os custos de expedi\u00e7\u00e3o. Antes de pagar, a loja exibe uma p\u00e1gina com o valor dos custos totais.<\/p>\n<p>[\/vc_column_text]\t<\/div>\n<\/div><h5 class=\"qodef-accordion-title\">\n    <span class=\"qodef-accordion-mark\">\n\t\t<span class=\"qodef_icon_plus icon_plus\"><\/span>\n\t\t<span class=\"qodef_icon_minus icon_minus-06\"><\/span>\n\t<\/span>\n\t<span class=\"qodef-tab-title\">Garantia e Servi\u00e7o<\/span>\n<\/h5>\n<div class=\"qodef-accordion-content\">\n\t<div class=\"qodef-accordion-content-inner\">\n\t\t[vc_column_text]<\/p>\n<p>Se o cliente recebe um produto com defeito, ser\u00e1 trocado para o mesmo produto ou similar gratuitamente. Isto \u00e9 feito em consulta com o cliente. Para este fim, o cliente tem de contactar o nosso servi\u00e7o ao cliente dentro de 15 dias ap\u00f3s a rece\u00e7\u00e3o da ordem de pagamento.<\/p>\n<p>[\/vc_column_text]\t<\/div>\n<\/div><h5 class=\"qodef-accordion-title\">\n    <span class=\"qodef-accordion-mark\">\n\t\t<span class=\"qodef_icon_plus icon_plus\"><\/span>\n\t\t<span class=\"qodef_icon_minus icon_minus-06\"><\/span>\n\t<\/span>\n\t<span class=\"qodef-tab-title\">Dados Pessoais recolhidos<\/span>\n<\/h5>\n<div class=\"qodef-accordion-content\">\n\t<div class=\"qodef-accordion-content-inner\">\n\t\t[vc_column_text]<\/p>\n<p>Os dados recolhidos limitam-se ao nome e endere\u00e7o de e-mail, e \u00e1rea de resid\u00eancia sendo utilizados para as finalidades previstas nesta pol\u00edtica, podendo ser obtidos atrav\u00e9s de:<\/p>\n<ul>\n<li>Formul\u00e1rio de contactos do site;<\/li>\n<li>Recolha presencial.<\/li>\n<\/ul>\n<p><strong>Consentimento:<\/strong><br \/>\nAntes de ser enviada a primeira mensagem promocional ou newsletter ser\u00e1 solicitado o consentimento expresso do titular dos dados para o envio deste tipo de mensagens. Esse consentimento ser\u00e1 solicitado via e-mail e o titular dos dados apenas passa a receber mensagens se responder positivamente. Caso a resposta seja negativa os seus dados ser\u00e3o apagados.<\/p>\n<p><strong>Partilha de dados pessoais:<\/strong><br \/>\nOs dados pessoais recolhidos poder\u00e3o ser partilhados entre lojas dos Armaz\u00e9ns Carri\u00e7os, por forma a proporcionar ao cliente\/titular dos dados, um servi\u00e7o pr\u00f3ximo e de confian\u00e7a, permitindo que este seja acompanhado nos servi\u00e7os requisitados por uma ag\u00eancia da sua proximidade.<\/p>\n<p><strong>Direitos dos titulares:<\/strong><br \/>\nPara aceder, corrigir, adicionar, atualizar, apagar ou alterar o consentimento das comunica\u00e7\u00f5es, o titular dever\u00e1 contactar os Armaz\u00e9ns Carri\u00e7os trav\u00e9s do email (<a href=\"mailto:info@carricos.com.pt\">info@carricos.com.pt<\/a>) Tais pedidos ser\u00e3o tratados com a maior brevidade poss\u00edvel. Poder\u00e1 tamb\u00e9m utilizar esta forma de contacto para qualquer esclarecimento ou sugest\u00e3o acerca destes termos e condi\u00e7\u00f5es.<\/p>\n<p><strong>Cookies:<\/strong><br \/>\nAo navegar no site dos Armaz\u00e9ns de Tecidos Carri\u00e7o, Lda. s\u00e3o utilizados cookies que, no entanto, n\u00e3o recolhem informa\u00e7\u00e3o que identifique o utilizador. S\u00e3o recolhidas informa\u00e7\u00f5es gen\u00e9ricas, designadamente a forma como os utilizadores chegam e utilizam os sites. As informa\u00e7\u00f5es recolhidas s\u00e3o utilizadas com finalidade de controlo do n\u00famero de visitas e estudos estat\u00edsticos, bem como para assegurar que o site funciona corretamente e facilitar a navega\u00e7\u00e3o e melhorar a experi\u00eancia do utilizador. A utiliza\u00e7\u00e3o de cookies permite que a navega\u00e7\u00e3o do s\u00edtio na internet seja constantemente otimizada de forma a proporcionar uma experi\u00eancia com elevada qualidade e que supere a qualidade obtida na visita anterior por parte do utilizador.<\/p>\n<p><strong>Altera\u00e7\u00e3o dos Termos e Condi\u00e7\u00f5es de Privacidade:<\/strong><br \/>\nOs presentes Termos e Condi\u00e7\u00f5es de Privacidade poder\u00e3o ser objeto de altera\u00e7\u00e3o ou revis\u00e3o, sem aviso pr\u00e9vio, em fun\u00e7\u00e3o de exig\u00eancias legislativas ou regulamentares de acordo com a lei em vigor. Todas as altera\u00e7\u00f5es significativas a estes termos ser\u00e3o devidamente comunicadas aos utilizadores no site da carricos.com.pt . Dado que estes Termos e Condi\u00e7\u00f5es podem ser revistos a qualquer momento, de acordo com o crit\u00e9rio acima descrito, os Armaz\u00e9ns Carri\u00e7os recomenda aos seus utilizadores que os revejam periodicamente.<\/p>\n<p><strong>Finalidade do tratamento:<\/strong><br \/>\nOs dados pessoais s\u00e3o recolhidos exclusivamente com as finalidades que se seguem:<\/p>\n<ul>\n<li>Resposta a pedido de contacto;<\/li>\n<li>Gest\u00e3o comercial;<\/li>\n<li>Melhoria ou personaliza\u00e7\u00e3o dos nossos servi\u00e7os;<\/li>\n<li>Envio de newsletters e outras a\u00e7\u00f5es promocionais.<\/li>\n<\/ul>\n<p>Os clientes podem cancelar a sua subscri\u00e7\u00e3o ao servi\u00e7o de newsletter por e-mail, clicando no link da newsletter que enviamos por e-mail. Para efeitos de submiss\u00e3o de candidaturas on-line.<\/p>\n<p>[\/vc_column_text]\t<\/div>\n<\/div><\/div>[\/vc_column][\/vc_row]<\/p>\n<\/div>","protected":false},"excerpt":{"rendered":"<p>[vc_row css=&#8221;.vc_custom_1620724241535{padding-bottom: 150px !important;}&#8221;][vc_column][\/vc_column][\/vc_row]<\/p>\n","protected":false},"author":2,"featured_media":0,"parent":0,"menu_order":0,"comment_status":"closed","ping_status":"open","template":"","meta":{"footnotes":""},"class_list":["post-4543","page","type-page","status-publish","hentry"],"jetpack_sharing_enabled":true,"_links":{"self":[{"href":"https:\/\/carricos.com.pt\/pt\/wp-json\/wp\/v2\/pages\/4543","targetHints":{"allow":["GET"]}}],"collection":[{"href":"https:\/\/carricos.com.pt\/pt\/wp-json\/wp\/v2\/pages"}],"about":[{"href":"https:\/\/carricos.com.pt\/pt\/wp-json\/wp\/v2\/types\/page"}],"author":[{"embeddable":true,"href":"https:\/\/carricos.com.pt\/pt\/wp-json\/wp\/v2\/users\/2"}],"replies":[{"embeddable":true,"href":"https:\/\/carricos.com.pt\/pt\/wp-json\/wp\/v2\/comments?post=4543"}],"version-history":[{"count":1,"href":"https:\/\/carricos.com.pt\/pt\/wp-json\/wp\/v2\/pages\/4543\/revisions"}],"predecessor-version":[{"id":4544,"href":"https:\/\/carricos.com.pt\/pt\/wp-json\/wp\/v2\/pages\/4543\/revisions\/4544"}],"wp:attachment":[{"href":"https:\/\/carricos.com.pt\/pt\/wp-json\/wp\/v2\/media?parent=4543"}],"curies":[{"name":"wp","href":"https:\/\/api.w.org\/{rel}","templated":true}]}}