{"id":520,"date":"2018-05-17T10:56:06","date_gmt":"2018-05-17T10:56:06","guid":{"rendered":"http:\/\/arredo.select-themes.com\/?page_id=520"},"modified":"2021-05-27T15:44:36","modified_gmt":"2021-05-27T15:44:36","slug":"sobre-nos","status":"publish","type":"page","link":"https:\/\/carricos.com.pt\/pt\/sobre-nos\/","title":{"rendered":"Sobre N\u00f3s"},"content":{"rendered":"<div class=\"wpb-content-wrapper\"><p>[vc_row][vc_column][vc_wp_text]<video src=\"https:\/\/carricos.com.pt\/pt\/video\/aereo.MP4\" autoplay=\"autoplay\" loop=\"loop\" width=\"100%\" height=\"100%\"><\/video>[\/vc_wp_text][\/vc_column][\/vc_row][vc_row parallax=&#8221;content-moving&#8221; parallax_speed_bg=&#8221;2&#8243; row_content_width=&#8221;grid&#8221; css=&#8221;.vc_custom_1617123193959{padding-top: 135px !important;padding-bottom: 142px !important;}&#8221;][vc_column width=&#8221;1\/2&#8243; offset=&#8221;vc_col-lg-6&#8243;]<div class=\"qodef-section-title-holder  qodef-st-standard qodef-st-title-left qodef-st-normal-space \" >\n\t<div class=\"qodef-st-inner\">\n\t\t\t\t\t<h2 class=\"qodef-st-title\" >\n\t\t\t\tUm mundo de cores, padr\u00f5es e texturas \u00e0 sua espera.\t\t\t<\/h2>\n\t\t\t\t\t<\/div>\n<\/div>[vc_empty_space height=&#8221;25px&#8221;][vc_column_text]<\/p>\n<p style=\"text-align: justify;\">Os\u00a0<b>Armaz\u00e9ns de Tecidos Carri\u00e7o, Lda.<\/b>\u00a0centram a sua atividade na compra e venda grossista de tecidos t\u00eaxteis, desde atoalhados, cortinas, felpos, linhos para \u00e1reas como a confe\u00e7\u00e3o, o fabrico de cal\u00e7ado, a puericultura ou o patchwork.<br \/>\nCom uma \u00e1rea de 5000 m2 de exposi\u00e7\u00e3o, apostam na variedade de produtos e stocks permanentes, permitindo assim uma r\u00e1pida entrega e pre\u00e7os competitivos.<\/p>\n<p style=\"text-align: justify;\">Tendo para lhe oferecer uma ampla variedade de produtos t\u00eaxteis a rolo e ao peso e um atendimento personalizado, capaz de lhe garantir confian\u00e7a e resposta em tempo \u00fatil \u00e0s suas necessidades.<\/p>\n<p style=\"text-align: justify;\">Com quase quatro d\u00e9cadas de exist\u00eancia, os\u00a0<b>Armaz\u00e9ns de Tecidos Carri\u00e7o, Lda.<\/b>\u00a0s\u00e3o reconhecidos no mundo t\u00eaxtil como uma marca de refer\u00eancia na qualidade dos tecidos para as mais diversas finalidades desde atoalhados, cortinas e cortinados, felpos, linhos para as ind\u00fastrias de confe\u00e7\u00e3o e cal\u00e7ado e ainda puericultura e patchwork.<\/p>\n<p>[\/vc_column_text][\/vc_column][vc_column width=&#8221;1\/2&#8243;]<div class=\"qodef-elements-holder   qodef-one-column  qodef-responsive-mode-768 \" ><div class=\"qodef-eh-item   qodef-horizontal-alignment-center \"  data-item-class=\"qodef-eh-custom-8097\" data-1367-1600=\"0px 5% 0px 5%\" data-1025-1366=\"0px 5% 0px 5%\" data-769-1024=\"0px 5% 100px 5%\" data-681-768=\"0px 5% 100px 5%\" data-680=\"0px 5% 50px 5%\">\n\t<div class=\"qodef-eh-item-inner\">\n\t\t<div class=\"qodef-eh-item-content qodef-eh-custom-8097\" style=\"padding: 0px 16% 0px 15%\">\n\t\t\t<div class=\"qodef-image-gallery qodef-grid-list qodef-disable-bottom-space  qodef-ig-grid-type qodef-two-columns qodef-tiny-space  \">\n\t<div class=\"qodef-ig-inner qodef-outer-space\">\n\t\t\t\t\t<div class=\"qodef-ig-image qodef-item-space\">\n\t\t\t\t<div class=\"qodef-ig-image-inner\">\n\t\t\t\t\t\t\t\t\t\t\t<img loading=\"lazy\" decoding=\"async\" width=\"1024\" height=\"683\" src=\"https:\/\/carricos.com.pt\/pt\/wp-content\/uploads\/2021\/05\/banner8-1024x683.jpg\" class=\"attachment-large size-large\" alt=\"\" srcset=\"https:\/\/carricos.com.pt\/pt\/wp-content\/uploads\/2021\/05\/banner8-1024x683.jpg 1024w, https:\/\/carricos.com.pt\/pt\/wp-content\/uploads\/2021\/05\/banner8-300x200.jpg 300w, https:\/\/carricos.com.pt\/pt\/wp-content\/uploads\/2021\/05\/banner8-768x512.jpg 768w, https:\/\/carricos.com.pt\/pt\/wp-content\/uploads\/2021\/05\/banner8-1536x1025.jpg 1536w, https:\/\/carricos.com.pt\/pt\/wp-content\/uploads\/2021\/05\/banner8-16x12.jpg 16w, https:\/\/carricos.com.pt\/pt\/wp-content\/uploads\/2021\/05\/banner8-600x400.jpg 600w, https:\/\/carricos.com.pt\/pt\/wp-content\/uploads\/2021\/05\/banner8.jpg 1920w\" sizes=\"auto, (max-width: 1024px) 100vw, 1024px\" \/>\t\t\t\t\t\t\t\t\t<\/div>\n\t\t\t<\/div>\n\t\t\t\t\t<div class=\"qodef-ig-image qodef-item-space\">\n\t\t\t\t<div class=\"qodef-ig-image-inner\">\n\t\t\t\t\t\t\t\t\t\t\t<img loading=\"lazy\" decoding=\"async\" width=\"1024\" height=\"683\" src=\"https:\/\/carricos.com.pt\/pt\/wp-content\/uploads\/2021\/05\/banner7-1024x683.jpg\" class=\"attachment-large size-large\" alt=\"\" srcset=\"https:\/\/carricos.com.pt\/pt\/wp-content\/uploads\/2021\/05\/banner7-1024x683.jpg 1024w, https:\/\/carricos.com.pt\/pt\/wp-content\/uploads\/2021\/05\/banner7-300x200.jpg 300w, https:\/\/carricos.com.pt\/pt\/wp-content\/uploads\/2021\/05\/banner7-768x512.jpg 768w, https:\/\/carricos.com.pt\/pt\/wp-content\/uploads\/2021\/05\/banner7-1536x1025.jpg 1536w, https:\/\/carricos.com.pt\/pt\/wp-content\/uploads\/2021\/05\/banner7-16x12.jpg 16w, https:\/\/carricos.com.pt\/pt\/wp-content\/uploads\/2021\/05\/banner7-600x400.jpg 600w, https:\/\/carricos.com.pt\/pt\/wp-content\/uploads\/2021\/05\/banner7.jpg 1920w\" sizes=\"auto, (max-width: 1024px) 100vw, 1024px\" \/>\t\t\t\t\t\t\t\t\t<\/div>\n\t\t\t<\/div>\n\t\t\t\t\t<div class=\"qodef-ig-image qodef-item-space\">\n\t\t\t\t<div class=\"qodef-ig-image-inner\">\n\t\t\t\t\t\t\t\t\t\t\t<img loading=\"lazy\" decoding=\"async\" width=\"1024\" height=\"683\" src=\"https:\/\/carricos.com.pt\/pt\/wp-content\/uploads\/2021\/05\/banner6-1024x683.jpg\" class=\"attachment-large size-large\" alt=\"\" srcset=\"https:\/\/carricos.com.pt\/pt\/wp-content\/uploads\/2021\/05\/banner6-1024x683.jpg 1024w, https:\/\/carricos.com.pt\/pt\/wp-content\/uploads\/2021\/05\/banner6-300x200.jpg 300w, https:\/\/carricos.com.pt\/pt\/wp-content\/uploads\/2021\/05\/banner6-768x512.jpg 768w, https:\/\/carricos.com.pt\/pt\/wp-content\/uploads\/2021\/05\/banner6-1536x1025.jpg 1536w, https:\/\/carricos.com.pt\/pt\/wp-content\/uploads\/2021\/05\/banner6-16x12.jpg 16w, https:\/\/carricos.com.pt\/pt\/wp-content\/uploads\/2021\/05\/banner6-600x400.jpg 600w, https:\/\/carricos.com.pt\/pt\/wp-content\/uploads\/2021\/05\/banner6.jpg 1920w\" sizes=\"auto, (max-width: 1024px) 100vw, 1024px\" \/>\t\t\t\t\t\t\t\t\t<\/div>\n\t\t\t<\/div>\n\t\t\t\t\t<div class=\"qodef-ig-image qodef-item-space\">\n\t\t\t\t<div class=\"qodef-ig-image-inner\">\n\t\t\t\t\t\t\t\t\t\t\t<img loading=\"lazy\" decoding=\"async\" width=\"1024\" height=\"683\" src=\"https:\/\/carricos.com.pt\/pt\/wp-content\/uploads\/2021\/05\/banner5-1024x683.jpg\" class=\"attachment-large size-large\" alt=\"\" srcset=\"https:\/\/carricos.com.pt\/pt\/wp-content\/uploads\/2021\/05\/banner5-1024x683.jpg 1024w, https:\/\/carricos.com.pt\/pt\/wp-content\/uploads\/2021\/05\/banner5-300x200.jpg 300w, https:\/\/carricos.com.pt\/pt\/wp-content\/uploads\/2021\/05\/banner5-768x512.jpg 768w, https:\/\/carricos.com.pt\/pt\/wp-content\/uploads\/2021\/05\/banner5-1536x1025.jpg 1536w, https:\/\/carricos.com.pt\/pt\/wp-content\/uploads\/2021\/05\/banner5-16x12.jpg 16w, https:\/\/carricos.com.pt\/pt\/wp-content\/uploads\/2021\/05\/banner5-600x400.jpg 600w, https:\/\/carricos.com.pt\/pt\/wp-content\/uploads\/2021\/05\/banner5.jpg 1920w\" sizes=\"auto, (max-width: 1024px) 100vw, 1024px\" \/>\t\t\t\t\t\t\t\t\t<\/div>\n\t\t\t<\/div>\n\t\t\t\t\t<div class=\"qodef-ig-image qodef-item-space\">\n\t\t\t\t<div class=\"qodef-ig-image-inner\">\n\t\t\t\t\t\t\t\t\t\t\t<img loading=\"lazy\" decoding=\"async\" width=\"1024\" height=\"683\" src=\"https:\/\/carricos.com.pt\/pt\/wp-content\/uploads\/2021\/05\/banner3-1024x683.jpg\" class=\"attachment-large size-large\" alt=\"\" srcset=\"https:\/\/carricos.com.pt\/pt\/wp-content\/uploads\/2021\/05\/banner3-1024x683.jpg 1024w, https:\/\/carricos.com.pt\/pt\/wp-content\/uploads\/2021\/05\/banner3-300x200.jpg 300w, https:\/\/carricos.com.pt\/pt\/wp-content\/uploads\/2021\/05\/banner3-768x512.jpg 768w, https:\/\/carricos.com.pt\/pt\/wp-content\/uploads\/2021\/05\/banner3-1536x1025.jpg 1536w, https:\/\/carricos.com.pt\/pt\/wp-content\/uploads\/2021\/05\/banner3-16x12.jpg 16w, https:\/\/carricos.com.pt\/pt\/wp-content\/uploads\/2021\/05\/banner3-600x400.jpg 600w, https:\/\/carricos.com.pt\/pt\/wp-content\/uploads\/2021\/05\/banner3.jpg 1920w\" sizes=\"auto, (max-width: 1024px) 100vw, 1024px\" \/>\t\t\t\t\t\t\t\t\t<\/div>\n\t\t\t<\/div>\n\t\t\t\t\t<div class=\"qodef-ig-image qodef-item-space\">\n\t\t\t\t<div class=\"qodef-ig-image-inner\">\n\t\t\t\t\t\t\t\t\t\t\t<img loading=\"lazy\" decoding=\"async\" width=\"1024\" height=\"683\" src=\"https:\/\/carricos.com.pt\/pt\/wp-content\/uploads\/2021\/05\/banner1-1024x683.jpg\" class=\"attachment-large size-large\" alt=\"\" srcset=\"https:\/\/carricos.com.pt\/pt\/wp-content\/uploads\/2021\/05\/banner1-1024x683.jpg 1024w, https:\/\/carricos.com.pt\/pt\/wp-content\/uploads\/2021\/05\/banner1-300x200.jpg 300w, https:\/\/carricos.com.pt\/pt\/wp-content\/uploads\/2021\/05\/banner1-768x512.jpg 768w, https:\/\/carricos.com.pt\/pt\/wp-content\/uploads\/2021\/05\/banner1-1536x1025.jpg 1536w, https:\/\/carricos.com.pt\/pt\/wp-content\/uploads\/2021\/05\/banner1-16x12.jpg 16w, https:\/\/carricos.com.pt\/pt\/wp-content\/uploads\/2021\/05\/banner1-600x400.jpg 600w, https:\/\/carricos.com.pt\/pt\/wp-content\/uploads\/2021\/05\/banner1.jpg 1920w\" sizes=\"auto, (max-width: 1024px) 100vw, 1024px\" \/>\t\t\t\t\t\t\t\t\t<\/div>\n\t\t\t<\/div>\n\t\t\t<\/div>\n<\/div>\t\t<\/div>\n\t<\/div>\n<\/div><\/div>[\/vc_column][\/vc_row][vc_row disable_background_image=&#8221;&#8221; css=&#8221;.vc_custom_1617362078566{padding-top: 134px !important;padding-right: 35px !important;padding-bottom: 140px !important;padding-left: 35px !important;}&#8221; simple_background_image=&#8221;3102&#8243; parallax_background_image=&#8221;3179&#8243;][vc_column]<div class=\"qodef-section-title-holder  qodef-st-standard qodef-st-title-left qodef-st-normal-space \" style=\"text-align: center\">\n\t<div class=\"qodef-st-inner\">\n\t\t\t\t\t<h2 class=\"qodef-st-title\" >\n\t\t\t\tOs nossos clientes\t\t\t<\/h2>\n\t\t\t\t\t<\/div>\n<\/div>[vc_empty_space height=&#8221;25px&#8221;][vc_column_text el_class=&#8221;text-clientes2&#8243;]<\/p>\n<h4 style=\"text-align: center;\">Com clientes em todo o mundo, a empresa tem conseguido acompanhar as tend\u00eancias da moda, preparando esta\u00e7\u00e3o a esta\u00e7\u00e3o as suas cole\u00e7\u00f5es de acordo com as tend\u00eancias impostas pelos principais criadores mundiais.<\/h4>\n<p>[\/vc_column_text][vc_empty_space height=&#8221;100px&#8221;][\/vc_column][vc_column width=&#8221;1\/3&#8243;]<div class=\"qodef-elements-holder   qodef-one-column  qodef-responsive-mode-680 qodef-one-column-alignment-center\" ><div class=\"qodef-eh-item   qodef-horizontal-alignment-right \"  data-item-class=\"qodef-eh-custom-9932\" data-1025-1366=\"0px 13% 0px 5%\" data-769-1024=\"0px 41% 100px 0%\" data-681-768=\"0px 24% 100px 0%\" data-680=\"0px 4% 50px 0%\">\n\t<div class=\"qodef-eh-item-inner\">\n\t\t<div class=\"qodef-eh-item-content qodef-eh-custom-9932\" style=\"padding: 0px 16% 0px 15%\">\n\t\t\t    <span class=\"qodef-icon-shortcode qodef-normal   qodef-icon-medium\"  data-color=\"#0a0a0a\">\n                    <i class=\"qodef-icon-dripicons dripicon dripicons-briefcase qodef-icon-element\" style=\"color: #0a0a0a\" ><\/i>            <\/span>\n[vc_empty_space height=&#8221;15px&#8221;]<div class=\"qodef-counter-holder \">\n\t<div class=\"qodef-counter-inner\">\n\t\t\t\t\t<span class=\"qodef-counter qodef-zero-counter\" >879<\/span>\n\t\t\t\t\t\t\t<h6 class=\"qodef-counter-title\" style=\"color: #939393\">\n\t\t\t\tN\u00famero de Clientes\t\t\t<\/h6>\n\t\t\t\t\t<\/div>\n<\/div>\t\t<\/div>\n\t<\/div>\n<\/div><\/div>[\/vc_column][vc_column width=&#8221;1\/3&#8243;]<div class=\"qodef-elements-holder   qodef-one-column  qodef-responsive-mode-680 qodef-one-column-alignment-center\" ><div class=\"qodef-eh-item   qodef-horizontal-alignment-center \"  data-item-class=\"qodef-eh-custom-5960\" data-1025-1366=\"0px 13% 0px 5%\" data-769-1024=\"0px 41% 100px 0%\" data-681-768=\"0px 24% 100px 0%\" data-680=\"0px 4% 50px 0%\">\n\t<div class=\"qodef-eh-item-inner\">\n\t\t<div class=\"qodef-eh-item-content qodef-eh-custom-5960\" style=\"padding: 0px 16% 0px 15%\">\n\t\t\t    <span class=\"qodef-icon-shortcode qodef-normal   qodef-icon-medium\"  data-color=\"#0a0a0a\">\n                    <i class=\"qodef-icon-dripicons dripicon dripicons-map qodef-icon-element\" style=\"color: #0a0a0a\" ><\/i>            <\/span>\n[vc_empty_space height=&#8221;15px&#8221;]<div class=\"qodef-counter-holder \">\n\t<div class=\"qodef-counter-inner\">\n\t\t\t\t\t<span class=\"qodef-counter qodef-zero-counter\" >5<\/span>\n\t\t\t\t\t\t\t<h6 class=\"qodef-counter-title\" style=\"color: #939393\">\n\t\t\t\tPa\u00edses\t\t\t<\/h6>\n\t\t\t\t\t<\/div>\n<\/div>\t\t<\/div>\n\t<\/div>\n<\/div><\/div>[\/vc_column][vc_column width=&#8221;1\/3&#8243;]<div class=\"qodef-elements-holder   qodef-one-column  qodef-responsive-mode-680 qodef-one-column-alignment-center\" ><div class=\"qodef-eh-item    \"  data-item-class=\"qodef-eh-custom-2501\" data-1025-1366=\"0px 13% 0px 5%\" data-769-1024=\"0px 41% 100px 0%\" data-681-768=\"0px 24% 100px 0%\" data-680=\"0px 4% 50px 0%\">\n\t<div class=\"qodef-eh-item-inner\">\n\t\t<div class=\"qodef-eh-item-content qodef-eh-custom-2501\" style=\"padding: 0px 16% 0px 15%\">\n\t\t\t    <span class=\"qodef-icon-shortcode qodef-normal   qodef-icon-medium\"  data-color=\"#0a0a0a\">\n                    <i class=\"qodef-icon-dripicons dripicon dripicons-expand qodef-icon-element\" style=\"color: #0a0a0a\" ><\/i>            <\/span>\n[vc_empty_space height=&#8221;15px&#8221;]<div class=\"qodef-counter-holder \">\n\t<div class=\"qodef-counter-inner\">\n\t\t\t\t\t<span class=\"qodef-counter qodef-zero-counter\" >5000<\/span>\n\t\t\t\t\t\t\t<h6 class=\"qodef-counter-title\" style=\"color: #939393\">\n\t\t\t\t\u00c1rea de Exposi\u00e7\u00e3o (m2)\t\t\t<\/h6>\n\t\t\t\t\t<\/div>\n<\/div>\t\t<\/div>\n\t<\/div>\n<\/div><\/div>[\/vc_column][\/vc_row][vc_row parallax=&#8221;content-moving&#8221; parallax_speed_bg=&#8221;2&#8243; row_content_width=&#8221;grid&#8221; css=&#8221;.vc_custom_1617123193959{padding-top: 135px !important;padding-bottom: 142px !important;}&#8221;][vc_column offset=&#8221;vc_col-lg-6&#8243;]<div class=\"qodef-elements-holder   qodef-one-column  qodef-responsive-mode-768 \" ><div class=\"qodef-eh-item   qodef-horizontal-alignment-center \"  data-item-class=\"qodef-eh-custom-5087\" data-1367-1600=\"0px 5% 0px 5%\" data-1025-1366=\"0px 5% 0px 5%\" data-769-1024=\"0px 5% 100px 5%\" data-681-768=\"0px 5% 100px 5%\" data-680=\"0px 5% 50px 5%\">\n\t<div class=\"qodef-eh-item-inner\">\n\t\t<div class=\"qodef-eh-item-content qodef-eh-custom-5087\" style=\"padding: 0px 16% 0px 15%\">\n\t\t\t<div class=\"qodef-section-title-holder  qodef-st-standard qodef-st-title-left qodef-st-normal-space \" style=\"text-align: center\">\n\t<div class=\"qodef-st-inner\">\n\t\t\t\t\t<h2 class=\"qodef-st-title\" >\n\t\t\t\tValores\t\t\t<\/h2>\n\t\t\t\t\t<\/div>\n<\/div>[vc_empty_space height=&#8221;25px&#8221;][vc_column_text]<\/p>\n<p style=\"text-align: justify;\">Os Armaz\u00e9ns de Tecidos Carri\u00e7o, Lda. representam a identidade organizacional e os princ\u00edpios \u00e9ticos e de conduta que devem orientar o dia-a-dia do tecido empresarial Portugu\u00eas.<br \/>\nN\u00e3o obstante o facto do setor t\u00eaxtil ser por natureza tradicional, a perseveran\u00e7a, a cultura de coopera\u00e7\u00e3o, a aposta no desenvolvimento das pessoas e a inova\u00e7\u00e3o t\u00eam distinguido positivamente esta empresa.<\/p>\n<p>[\/vc_column_text]\t\t<\/div>\n\t<\/div>\n<\/div><\/div>[\/vc_column][vc_column offset=&#8221;vc_col-lg-6&#8243;]<div class=\"qodef-elements-holder   qodef-one-column  qodef-responsive-mode-768 \" ><div class=\"qodef-eh-item   qodef-horizontal-alignment-center \"  data-item-class=\"qodef-eh-custom-7004\" data-1367-1600=\"0px 5% 0px 5%\" data-1025-1366=\"0px 5% 0px 5%\" data-769-1024=\"0px 5% 100px 5%\" data-681-768=\"0px 5% 100px 5%\" data-680=\"0px 5% 50px 5%\">\n\t<div class=\"qodef-eh-item-inner\">\n\t\t<div class=\"qodef-eh-item-content qodef-eh-custom-7004\" style=\"padding: 0px 16% 0px 15%\">\n\t\t\t<div class=\"qodef-section-title-holder  qodef-st-standard qodef-st-title-left qodef-st-normal-space \" style=\"text-align: center\">\n\t<div class=\"qodef-st-inner\">\n\t\t\t\t\t<h2 class=\"qodef-st-title\" >\n\t\t\t\tVis\u00e3o\t\t\t<\/h2>\n\t\t\t\t\t<\/div>\n<\/div>[vc_empty_space height=&#8221;25px&#8221;][vc_column_text el_class=&#8221;text-valores&#8221;]<\/p>\n<p style=\"text-align: justify;\">Comprometida com os desafios da modernidade, os Armaz\u00e9ns de Tecidos Carri\u00e7o, Lda. aprofundam diariamente os la\u00e7os com os l\u00edderes de mercado e com as marcas de refer\u00eancia a n\u00edvel mundial, desenvolvendo, em conjunto, solu\u00e7\u00f5es de excel\u00eancia que permitem exceder as expectativas do consumidor final.<\/p>\n<p>[\/vc_column_text]\t\t<\/div>\n\t<\/div>\n<\/div><\/div>[\/vc_column][\/vc_row][vc_row content_placement=&#8221;middle&#8221; disable_element=&#8221;yes&#8221; parallax_background_image=&#8221;3032&#8243;][vc_column]<div class=\"qodef-elements-holder   qodef-one-column  qodef-responsive-mode-768 \" ><div class=\"qodef-eh-item   qodef-horizontal-alignment-center \"  data-item-class=\"qodef-eh-custom-4309\">\n\t<div class=\"qodef-eh-item-inner\">\n\t\t<div class=\"qodef-eh-item-content qodef-eh-custom-4309\" style=\"padding: 234px 0% 260px\">\n\t\t\t<div class=\"qodef-video-button-holder vid-empresa \">\n\t<div class=\"qodef-video-button-image\">\n\t\t\t<\/div>\n\t\t\t<a class=\"qodef-video-button-play\"  href=\"https:\/\/carricos.com.pt\/pt\/video\/aereo.MP4?iframe=true\" data-rel=\"prettyPhoto[video_button_pretty_photo_87]\">\n\t\t\t<span class=\"qodef-video-button-play-inner\">\n\t\t\t\t<span class=\"arrow_triangle-right\"><\/span>\n\t\t\t<\/span>\n\t\t<\/a>\n\t<\/div>\t\t<\/div>\n\t<\/div>\n<\/div><\/div>[\/vc_column][\/vc_row]<\/p>\n<\/div>","protected":false},"excerpt":{"rendered":"<p>[vc_row][vc_column][vc_wp_text][\/vc_wp_text][\/vc_column][\/vc_row][vc_row parallax=&#8221;content-moving&#8221; parallax_speed_bg=&#8221;2&#8243; row_content_width=&#8221;grid&#8221; css=&#8221;.vc_custom_1617123193959{padding-top: 135px !important;padding-bottom: 142px !important;}&#8221;][vc_column width=&#8221;1\/2&#8243; offset=&#8221;vc_col-lg-6&#8243;][vc_empty_space height=&#8221;25px&#8221;][vc_column_text] Os\u00a0Armaz\u00e9ns de Tecidos Carri\u00e7o, Lda.\u00a0centram a sua atividade na compra e venda grossista de tecidos t\u00eaxteis, desde atoalhados, cortinas, felpos, linhos para \u00e1reas como a confe\u00e7\u00e3o, o fabrico [&hellip;]<\/p>\n","protected":false},"author":1,"featured_media":0,"parent":0,"menu_order":0,"comment_status":"closed","ping_status":"closed","template":"full-width.php","meta":{"footnotes":""},"class_list":["post-520","page","type-page","status-publish","hentry"],"jetpack_sharing_enabled":true,"_links":{"self":[{"href":"https:\/\/carricos.com.pt\/pt\/wp-json\/wp\/v2\/pages\/520","targetHints":{"allow":["GET"]}}],"collection":[{"href":"https:\/\/carricos.com.pt\/pt\/wp-json\/wp\/v2\/pages"}],"about":[{"href":"https:\/\/carricos.com.pt\/pt\/wp-json\/wp\/v2\/types\/page"}],"author":[{"embeddable":true,"href":"https:\/\/carricos.com.pt\/pt\/wp-json\/wp\/v2\/users\/1"}],"replies":[{"embeddable":true,"href":"https:\/\/carricos.com.pt\/pt\/wp-json\/wp\/v2\/comments?post=520"}],"version-history":[{"count":144,"href":"https:\/\/carricos.com.pt\/pt\/wp-json\/wp\/v2\/pages\/520\/revisions"}],"predecessor-version":[{"id":5458,"href":"https:\/\/carricos.com.pt\/pt\/wp-json\/wp\/v2\/pages\/520\/revisions\/5458"}],"wp:attachment":[{"href":"https:\/\/carricos.com.pt\/pt\/wp-json\/wp\/v2\/media?parent=520"}],"curies":[{"name":"wp","href":"https:\/\/api.w.org\/{rel}","templated":true}]}}