{"id":5284,"date":"2021-06-02T10:33:50","date_gmt":"2021-06-02T10:33:50","guid":{"rendered":"https:\/\/carricos.com.pt\/pt\/product\/minimate-liso-1\/"},"modified":"2024-06-03T20:19:53","modified_gmt":"2024-06-03T20:19:53","slug":"minimate-liso-1","status":"publish","type":"product","link":"https:\/\/carricos.com.pt\/pt\/product\/minimate-liso-1\/","title":{"rendered":"Minimate Liso 1"},"content":{"rendered":"<p>Tecido Liso e Multifun\u00e7\u00f5es<\/p>\n<p>Largura: 1.50m<br \/>\nRolo de 60m<\/p>\n<p><strong>Pre\u00e7o por rolo: 84\u20ac + IVA<\/strong><\/p>\n<p>&nbsp;<\/p>\n<p><img decoding=\"async\" src=\"https:\/\/carricos.com.pt\/pt\/wp-content\/uploads\/2021\/05\/portes.png\" alt=\"Portes Gr\u00e1tis\" \/><\/p>\n<p><strong>Instru\u00e7\u00f5es de Lavagem<\/strong><br \/>\n<img decoding=\"async\" src=\"https:\/\/carricos.com.pt\/pt\/wp-content\/uploads\/2021\/05\/lavagem_min.jpg\" alt=\"Instru\u00e7\u00f5es de Lavagem\" \/><\/p>\n","protected":false},"excerpt":{"rendered":"<p>Tecido Liso e Multifun\u00e7\u00f5es Largura: 1.50m Rolo de 60m Pre\u00e7o por rolo: 84\u20ac + IVA &nbsp; Instru\u00e7\u00f5es de Lavagem<\/p>\n","protected":false},"featured_media":4748,"comment_status":"closed","ping_status":"closed","template":"","meta":[],"product_brand":[],"product_cat":[72],"product_tag":[296],"class_list":{"0":"post-5284","1":"product","2":"type-product","3":"status-publish","4":"has-post-thumbnail","6":"product_cat-minimate","7":"product_tag-purpura","8":"product_shipping_class-envio-gratis","10":"first","11":"instock","12":"taxable","13":"shipping-taxable","14":"purchasable","15":"product-type-simple"},"group_of_quantity":60,"min_quantity":0,"max_quantity":"","exclude_order_quantity_value_rules":"no","exclude_category_quantity_rules":"no","combine_variations":"no","jetpack_sharing_enabled":true,"_links":{"self":[{"href":"https:\/\/carricos.com.pt\/pt\/wp-json\/wp\/v2\/product\/5284","targetHints":{"allow":["GET"]}}],"collection":[{"href":"https:\/\/carricos.com.pt\/pt\/wp-json\/wp\/v2\/product"}],"about":[{"href":"https:\/\/carricos.com.pt\/pt\/wp-json\/wp\/v2\/types\/product"}],"replies":[{"embeddable":true,"href":"https:\/\/carricos.com.pt\/pt\/wp-json\/wp\/v2\/comments?post=5284"}],"wp:featuredmedia":[{"embeddable":true,"href":"https:\/\/carricos.com.pt\/pt\/wp-json\/wp\/v2\/media\/4748"}],"wp:attachment":[{"href":"https:\/\/carricos.com.pt\/pt\/wp-json\/wp\/v2\/media?parent=5284"}],"wp:term":[{"taxonomy":"product_brand","embeddable":true,"href":"https:\/\/carricos.com.pt\/pt\/wp-json\/wp\/v2\/product_brand?post=5284"},{"taxonomy":"product_cat","embeddable":true,"href":"https:\/\/carricos.com.pt\/pt\/wp-json\/wp\/v2\/product_cat?post=5284"},{"taxonomy":"product_tag","embeddable":true,"href":"https:\/\/carricos.com.pt\/pt\/wp-json\/wp\/v2\/product_tag?post=5284"}],"curies":[{"name":"wp","href":"https:\/\/api.w.org\/{rel}","templated":true}]}}