{"id":5356,"date":"2021-06-02T10:34:21","date_gmt":"2021-06-02T10:34:21","guid":{"rendered":"https:\/\/carricos.com.pt\/pt\/product\/xadrez-medio-fio-tinto-verde-alface\/"},"modified":"2025-05-12T15:44:59","modified_gmt":"2025-05-12T15:44:59","slug":"xadrez-medio-fio-tinto-verde-alface","status":"publish","type":"product","link":"https:\/\/carricos.com.pt\/pt\/product\/xadrez-medio-fio-tinto-verde-alface\/","title":{"rendered":"Xadrez M\u00e9dio Fio Tinto Verde Alface"},"content":{"rendered":"<p>Cultura, tradi\u00e7\u00e3o e muita cor. Um tecido muito resistente e multiusos.<\/p>\n<p>Largura: 1.5m<br \/>\nRolo de 60m<\/p>\n<p><strong>Pre\u00e7o por rolo: 132\u20ac + IVA<\/strong><\/p>\n<p>&nbsp;<\/p>\n<p><img decoding=\"async\" src=\"https:\/\/carricos.com.pt\/pt\/wp-content\/uploads\/2021\/05\/portes.png\" alt=\"Portes Gr\u00e1tis\" \/><\/p>\n<p><strong>Instru\u00e7\u00f5es de Lavagem<\/strong><br \/>\n<img decoding=\"async\" src=\"https:\/\/carricos.com.pt\/pt\/wp-content\/uploads\/2021\/05\/lavagem_min.jpg\" alt=\"Instru\u00e7\u00f5es de Lavagem\" \/><\/p>\n","protected":false},"excerpt":{"rendered":"<p>Cultura, tradi\u00e7\u00e3o e muita cor. Um tecido muito resistente e multiusos. Largura: 1.5m Rolo de 60m Pre\u00e7o por rolo: 132\u20ac + IVA &nbsp; Instru\u00e7\u00f5es de Lavagem<\/p>\n","protected":false},"featured_media":4958,"comment_status":"closed","ping_status":"open","template":"","meta":[],"product_brand":[],"product_cat":[81],"product_tag":[211],"class_list":{"0":"post-5356","1":"product","2":"type-product","3":"status-publish","4":"has-post-thumbnail","6":"product_cat-fio-tinto","7":"product_tag-verde","8":"product_shipping_class-envio-gratis","10":"first","11":"instock","12":"taxable","13":"shipping-taxable","14":"purchasable","15":"product-type-simple"},"group_of_quantity":60,"min_quantity":0,"max_quantity":"","exclude_order_quantity_value_rules":"no","exclude_category_quantity_rules":"no","combine_variations":"no","jetpack_sharing_enabled":true,"_links":{"self":[{"href":"https:\/\/carricos.com.pt\/pt\/wp-json\/wp\/v2\/product\/5356","targetHints":{"allow":["GET"]}}],"collection":[{"href":"https:\/\/carricos.com.pt\/pt\/wp-json\/wp\/v2\/product"}],"about":[{"href":"https:\/\/carricos.com.pt\/pt\/wp-json\/wp\/v2\/types\/product"}],"replies":[{"embeddable":true,"href":"https:\/\/carricos.com.pt\/pt\/wp-json\/wp\/v2\/comments?post=5356"}],"wp:featuredmedia":[{"embeddable":true,"href":"https:\/\/carricos.com.pt\/pt\/wp-json\/wp\/v2\/media\/4958"}],"wp:attachment":[{"href":"https:\/\/carricos.com.pt\/pt\/wp-json\/wp\/v2\/media?parent=5356"}],"wp:term":[{"taxonomy":"product_brand","embeddable":true,"href":"https:\/\/carricos.com.pt\/pt\/wp-json\/wp\/v2\/product_brand?post=5356"},{"taxonomy":"product_cat","embeddable":true,"href":"https:\/\/carricos.com.pt\/pt\/wp-json\/wp\/v2\/product_cat?post=5356"},{"taxonomy":"product_tag","embeddable":true,"href":"https:\/\/carricos.com.pt\/pt\/wp-json\/wp\/v2\/product_tag?post=5356"}],"curies":[{"name":"wp","href":"https:\/\/api.w.org\/{rel}","templated":true}]}}