{"id":5406,"date":"2021-06-02T10:34:29","date_gmt":"2021-06-02T10:34:29","guid":{"rendered":"https:\/\/carricos.com.pt\/pt\/product\/loneta-estampada-47\/"},"modified":"2026-03-26T09:14:08","modified_gmt":"2026-03-26T09:14:08","slug":"loneta-estampada-47","status":"publish","type":"product","link":"https:\/\/carricos.com.pt\/pt\/product\/loneta-estampada-47\/","title":{"rendered":"Loneta Estampada Flores"},"content":{"rendered":"<div class=\"wpb-content-wrapper\"><p>[vc_row][vc_column][vc_column_text css=&#8221;&#8221;]A loneta \u00e9 um tecido particularmente macio, com corpo e uma certa fluidez, altamente resistente \u00e0 fric\u00e7\u00e3o, prolongando assim a sua durabilidade.<\/p>\n<p>Largura: 2.8m<br \/>\nRolo de 20m<\/p>\n<p><strong>Pre\u00e7o por rolo: 110\u20ac + IVA<\/strong><\/p>\n<p>&nbsp;<\/p>\n<p><img decoding=\"async\" src=\"https:\/\/carricos.com.pt\/pt\/wp-content\/uploads\/2021\/05\/portes.png\" alt=\"Portes Gr\u00e1tis\" \/><\/p>\n<p><strong>Instru\u00e7\u00f5es de Lavagem<\/strong><br \/>\n<img decoding=\"async\" src=\"https:\/\/carricos.com.pt\/pt\/wp-content\/uploads\/2021\/05\/lavagem_min.jpg\" alt=\"Instru\u00e7\u00f5es de Lavagem\" \/>[\/vc_column_text][\/vc_column][\/vc_row]<\/p>\n<\/div>","protected":false},"excerpt":{"rendered":"<p>[vc_row][vc_column][vc_column_text css=&#8221;&#8221;]A loneta \u00e9 um tecido particularmente macio, com corpo e uma certa fluidez, altamente resistente \u00e0 fric\u00e7\u00e3o, prolongando assim a sua durabilidade. Largura: 2.8m Rolo de 20m Pre\u00e7o por rolo: 110\u20ac + IVA &nbsp; Instru\u00e7\u00f5es de Lavagem [\/vc_column_text][\/vc_column][\/vc_row]<\/p>\n","protected":false},"featured_media":5066,"comment_status":"closed","ping_status":"closed","template":"","meta":[],"product_brand":[],"product_cat":[82],"product_tag":[239,236,232],"class_list":{"0":"post-5406","1":"product","2":"type-product","3":"status-publish","4":"has-post-thumbnail","6":"product_cat-loneta","7":"product_tag-azul","8":"product_tag-bege","9":"product_tag-castanho","10":"product_shipping_class-envio-gratis","12":"first","13":"instock","14":"taxable","15":"shipping-taxable","16":"purchasable","17":"product-type-simple"},"group_of_quantity":20,"min_quantity":0,"max_quantity":"","exclude_order_quantity_value_rules":"no","exclude_category_quantity_rules":"no","combine_variations":"no","jetpack_sharing_enabled":true,"_links":{"self":[{"href":"https:\/\/carricos.com.pt\/pt\/wp-json\/wp\/v2\/product\/5406","targetHints":{"allow":["GET"]}}],"collection":[{"href":"https:\/\/carricos.com.pt\/pt\/wp-json\/wp\/v2\/product"}],"about":[{"href":"https:\/\/carricos.com.pt\/pt\/wp-json\/wp\/v2\/types\/product"}],"replies":[{"embeddable":true,"href":"https:\/\/carricos.com.pt\/pt\/wp-json\/wp\/v2\/comments?post=5406"}],"wp:featuredmedia":[{"embeddable":true,"href":"https:\/\/carricos.com.pt\/pt\/wp-json\/wp\/v2\/media\/5066"}],"wp:attachment":[{"href":"https:\/\/carricos.com.pt\/pt\/wp-json\/wp\/v2\/media?parent=5406"}],"wp:term":[{"taxonomy":"product_brand","embeddable":true,"href":"https:\/\/carricos.com.pt\/pt\/wp-json\/wp\/v2\/product_brand?post=5406"},{"taxonomy":"product_cat","embeddable":true,"href":"https:\/\/carricos.com.pt\/pt\/wp-json\/wp\/v2\/product_cat?post=5406"},{"taxonomy":"product_tag","embeddable":true,"href":"https:\/\/carricos.com.pt\/pt\/wp-json\/wp\/v2\/product_tag?post=5406"}],"curies":[{"name":"wp","href":"https:\/\/api.w.org\/{rel}","templated":true}]}}