{"id":5578,"date":"2021-11-22T16:30:56","date_gmt":"2021-11-22T16:30:56","guid":{"rendered":"https:\/\/carricos.com.pt\/pt\/product\/jacquard-com-lurex-beje\/"},"modified":"2021-12-06T15:46:57","modified_gmt":"2021-12-06T15:46:57","slug":"jacquard-com-lurex-bege","status":"publish","type":"product","link":"https:\/\/carricos.com.pt\/pt\/product\/jacquard-com-lurex-bege\/","title":{"rendered":"Jacquard com Lurex Bege"},"content":{"rendered":"<p>Vasta gama de alta qualidade Jacquard em v\u00e1rias cores e designs. Indicado para toalhas de mesa e vestu\u00e1rio.<\/p>\n<p>Largura: 1.6m<br \/>\nRolo de 30m<\/p>\n<p><strong>Pre\u00e7o por rolo: 147\u20ac + IVA<\/strong><\/p>\n<p>&nbsp;<\/p>\n<p><img decoding=\"async\" src=\"https:\/\/carricos.com.pt\/pt\/wp-content\/uploads\/2021\/05\/portes.png\" alt=\"Portes Gr\u00e1tis\" \/><\/p>\n<p><strong>Instru\u00e7\u00f5es de Lavagem<\/strong><br \/>\n<img decoding=\"async\" src=\"https:\/\/carricos.com.pt\/pt\/wp-content\/uploads\/2021\/05\/lavagem_min.jpg\" alt=\"Instru\u00e7\u00f5es de Lavagem\" \/><\/p>\n","protected":false},"excerpt":{"rendered":"<p>Vasta gama de alta qualidade Jacquard em v\u00e1rias cores e designs. Indicado para toalhas de mesa e vestu\u00e1rio. Largura: 1.6m Rolo de 30m Pre\u00e7o por rolo: 147\u20ac + IVA &nbsp; Instru\u00e7\u00f5es de Lavagem<\/p>\n","protected":false},"featured_media":5572,"comment_status":"closed","ping_status":"closed","template":"","meta":[],"product_brand":[],"product_cat":[80],"product_tag":[236,259,279],"class_list":{"0":"post-5578","1":"product","2":"type-product","3":"status-publish","4":"has-post-thumbnail","6":"product_cat-jacquard","7":"product_tag-bege","8":"product_tag-dourado","9":"product_tag-natal","10":"pa_composicao-55-algodao-35-polyester-10-lurex","12":"first","13":"instock","14":"taxable","15":"shipping-taxable","16":"purchasable","17":"product-type-simple"},"group_of_quantity":30,"min_quantity":0,"max_quantity":"","exclude_order_quantity_value_rules":"no","exclude_category_quantity_rules":"no","combine_variations":"no","jetpack_sharing_enabled":true,"_links":{"self":[{"href":"https:\/\/carricos.com.pt\/pt\/wp-json\/wp\/v2\/product\/5578","targetHints":{"allow":["GET"]}}],"collection":[{"href":"https:\/\/carricos.com.pt\/pt\/wp-json\/wp\/v2\/product"}],"about":[{"href":"https:\/\/carricos.com.pt\/pt\/wp-json\/wp\/v2\/types\/product"}],"replies":[{"embeddable":true,"href":"https:\/\/carricos.com.pt\/pt\/wp-json\/wp\/v2\/comments?post=5578"}],"wp:featuredmedia":[{"embeddable":true,"href":"https:\/\/carricos.com.pt\/pt\/wp-json\/wp\/v2\/media\/5572"}],"wp:attachment":[{"href":"https:\/\/carricos.com.pt\/pt\/wp-json\/wp\/v2\/media?parent=5578"}],"wp:term":[{"taxonomy":"product_brand","embeddable":true,"href":"https:\/\/carricos.com.pt\/pt\/wp-json\/wp\/v2\/product_brand?post=5578"},{"taxonomy":"product_cat","embeddable":true,"href":"https:\/\/carricos.com.pt\/pt\/wp-json\/wp\/v2\/product_cat?post=5578"},{"taxonomy":"product_tag","embeddable":true,"href":"https:\/\/carricos.com.pt\/pt\/wp-json\/wp\/v2\/product_tag?post=5578"}],"curies":[{"name":"wp","href":"https:\/\/api.w.org\/{rel}","templated":true}]}}