{"id":5590,"date":"2021-11-22T16:30:56","date_gmt":"2021-11-22T16:30:56","guid":{"rendered":"https:\/\/carricos.com.pt\/pt\/product\/jacquard-com-lurex-branco-3\/"},"modified":"2021-12-06T15:47:00","modified_gmt":"2021-12-06T15:47:00","slug":"jacquard-com-lurex-branco-3","status":"publish","type":"product","link":"https:\/\/carricos.com.pt\/pt\/product\/jacquard-com-lurex-branco-3\/","title":{"rendered":"Jacquard com Lurex Branco"},"content":{"rendered":"<p>Vasta gama de alta qualidade Jacquard em v\u00e1rias cores e designs. Indicado para toalhas de mesa e vestu\u00e1rio.<\/p>\n<p>Largura: 1.6m<br \/>\nRolo de 30m<\/p>\n<p><strong>Pre\u00e7o por rolo: 147\u20ac + IVA<\/strong><\/p>\n<p>&nbsp;<\/p>\n<p><img decoding=\"async\" src=\"https:\/\/carricos.com.pt\/pt\/wp-content\/uploads\/2021\/05\/portes.png\" alt=\"Portes Gr\u00e1tis\" \/><\/p>\n<p><strong>Instru\u00e7\u00f5es de Lavagem<\/strong><br \/>\n<img decoding=\"async\" src=\"https:\/\/carricos.com.pt\/pt\/wp-content\/uploads\/2021\/05\/lavagem_min.jpg\" alt=\"Instru\u00e7\u00f5es de Lavagem\" \/><\/p>\n","protected":false},"excerpt":{"rendered":"<p>Vasta gama de alta qualidade Jacquard em v\u00e1rias cores e designs. Indicado para toalhas de mesa e vestu\u00e1rio. Largura: 1.6m Rolo de 30m Pre\u00e7o por rolo: 147\u20ac + IVA &nbsp; Instru\u00e7\u00f5es de Lavagem<\/p>\n","protected":false},"featured_media":5591,"comment_status":"closed","ping_status":"open","template":"","meta":[],"product_brand":[],"product_cat":[80],"product_tag":[240,279],"class_list":{"0":"post-5590","1":"product","2":"type-product","3":"status-publish","4":"has-post-thumbnail","6":"product_cat-jacquard","7":"product_tag-branco","8":"product_tag-natal","9":"pa_composicao-55-algodao-35-polyester-10-lurex","11":"first","12":"instock","13":"taxable","14":"shipping-taxable","15":"purchasable","16":"product-type-simple"},"group_of_quantity":30,"min_quantity":0,"max_quantity":"","exclude_order_quantity_value_rules":"no","exclude_category_quantity_rules":"no","combine_variations":"no","jetpack_sharing_enabled":true,"_links":{"self":[{"href":"https:\/\/carricos.com.pt\/pt\/wp-json\/wp\/v2\/product\/5590","targetHints":{"allow":["GET"]}}],"collection":[{"href":"https:\/\/carricos.com.pt\/pt\/wp-json\/wp\/v2\/product"}],"about":[{"href":"https:\/\/carricos.com.pt\/pt\/wp-json\/wp\/v2\/types\/product"}],"replies":[{"embeddable":true,"href":"https:\/\/carricos.com.pt\/pt\/wp-json\/wp\/v2\/comments?post=5590"}],"wp:featuredmedia":[{"embeddable":true,"href":"https:\/\/carricos.com.pt\/pt\/wp-json\/wp\/v2\/media\/5591"}],"wp:attachment":[{"href":"https:\/\/carricos.com.pt\/pt\/wp-json\/wp\/v2\/media?parent=5590"}],"wp:term":[{"taxonomy":"product_brand","embeddable":true,"href":"https:\/\/carricos.com.pt\/pt\/wp-json\/wp\/v2\/product_brand?post=5590"},{"taxonomy":"product_cat","embeddable":true,"href":"https:\/\/carricos.com.pt\/pt\/wp-json\/wp\/v2\/product_cat?post=5590"},{"taxonomy":"product_tag","embeddable":true,"href":"https:\/\/carricos.com.pt\/pt\/wp-json\/wp\/v2\/product_tag?post=5590"}],"curies":[{"name":"wp","href":"https:\/\/api.w.org\/{rel}","templated":true}]}}