{"id":5632,"date":"2021-11-22T16:31:29","date_gmt":"2021-11-22T16:31:29","guid":{"rendered":"https:\/\/carricos.com.pt\/pt\/product\/minimate-xadrez-amarelo\/"},"modified":"2021-12-06T15:46:44","modified_gmt":"2021-12-06T15:46:44","slug":"minimate-xadrez-amarelo","status":"publish","type":"product","link":"https:\/\/carricos.com.pt\/pt\/product\/minimate-xadrez-amarelo\/","title":{"rendered":"Minimate Xadrez Amarelo"},"content":{"rendered":"<p>Padr\u00f5es vibrantes e divertidos, estrutura canelada leve e fina, bastante male\u00e1vel e resistente.<\/p>\n<p>Largura: 1.5m<br \/>\nRolo de 50m<\/p>\n<p><strong>Pre\u00e7o por rolo: 85\u20ac + IVA<\/strong><\/p>\n<p>&nbsp;<\/p>\n<p><img decoding=\"async\" src=\"https:\/\/carricos.com.pt\/pt\/wp-content\/uploads\/2021\/05\/portes.png\" alt=\"Portes Gr\u00e1tis\" \/><\/p>\n<p><strong>Instru\u00e7\u00f5es de Lavagem<\/strong><br \/>\n<img decoding=\"async\" src=\"https:\/\/carricos.com.pt\/pt\/wp-content\/uploads\/2021\/05\/lavagem_min.jpg\" alt=\"Instru\u00e7\u00f5es de Lavagem\" \/><\/p>\n","protected":false},"excerpt":{"rendered":"<p>Padr\u00f5es vibrantes e divertidos, estrutura canelada leve e fina, bastante male\u00e1vel e resistente. Largura: 1.5m Rolo de 50m Pre\u00e7o por rolo: 85\u20ac + IVA &nbsp; Instru\u00e7\u00f5es de Lavagem<\/p>\n","protected":false},"featured_media":5633,"comment_status":"closed","ping_status":"open","template":"","meta":[],"product_brand":[],"product_cat":[72],"product_tag":[216],"class_list":{"0":"post-5632","1":"product","2":"type-product","3":"status-publish","4":"has-post-thumbnail","6":"product_cat-minimate","7":"product_tag-amarelo","8":"pa_composicao-100-polyester","10":"first","11":"instock","12":"taxable","13":"shipping-taxable","14":"purchasable","15":"product-type-simple"},"group_of_quantity":60,"min_quantity":0,"max_quantity":"","exclude_order_quantity_value_rules":"no","exclude_category_quantity_rules":"no","combine_variations":"no","jetpack_sharing_enabled":true,"_links":{"self":[{"href":"https:\/\/carricos.com.pt\/pt\/wp-json\/wp\/v2\/product\/5632","targetHints":{"allow":["GET"]}}],"collection":[{"href":"https:\/\/carricos.com.pt\/pt\/wp-json\/wp\/v2\/product"}],"about":[{"href":"https:\/\/carricos.com.pt\/pt\/wp-json\/wp\/v2\/types\/product"}],"replies":[{"embeddable":true,"href":"https:\/\/carricos.com.pt\/pt\/wp-json\/wp\/v2\/comments?post=5632"}],"wp:featuredmedia":[{"embeddable":true,"href":"https:\/\/carricos.com.pt\/pt\/wp-json\/wp\/v2\/media\/5633"}],"wp:attachment":[{"href":"https:\/\/carricos.com.pt\/pt\/wp-json\/wp\/v2\/media?parent=5632"}],"wp:term":[{"taxonomy":"product_brand","embeddable":true,"href":"https:\/\/carricos.com.pt\/pt\/wp-json\/wp\/v2\/product_brand?post=5632"},{"taxonomy":"product_cat","embeddable":true,"href":"https:\/\/carricos.com.pt\/pt\/wp-json\/wp\/v2\/product_cat?post=5632"},{"taxonomy":"product_tag","embeddable":true,"href":"https:\/\/carricos.com.pt\/pt\/wp-json\/wp\/v2\/product_tag?post=5632"}],"curies":[{"name":"wp","href":"https:\/\/api.w.org\/{rel}","templated":true}]}}